{"id":7,"date":"2022-01-19T09:31:25","date_gmt":"2022-01-19T09:31:25","guid":{"rendered":"https:\/\/holawap.com\/?page_id=7"},"modified":"2022-02-07T17:45:24","modified_gmt":"2022-02-07T17:45:24","slug":"acerca-de","status":"publish","type":"page","link":"https:\/\/holawap.com\/index.php\/acerca-de\/","title":{"rendered":"SOLUCIONES"},"content":{"rendered":"\n<div class=\"wp-block-cover has-background-dim\" style=\"background-color:#dedede\"><div class=\"wp-block-cover__inner-container\">\n<div class=\"wp-block-columns\">\n<div class=\"wp-block-column\">\n<p class=\"has-text-align-center has-neve-text-color-color has-text-color\" style=\"font-size:28px\"><meta charset=\"utf-8\"><\/p>\n\n\n\n<div style=\"height:60px\" aria-hidden=\"true\" class=\"wp-block-spacer\"><\/div>\n\n\n\n<p class=\"has-text-align-center has-neve-text-color-color has-text-color\" style=\"font-size:28px\"><strong>Atenci\u00f3n al ciudadano<\/strong><\/p>\n\n\n\n<p class=\"has-text-align-center has-neve-text-color-color has-text-color\">En EYOS facilitamos la cercan\u00eda de las Administraciones P\u00fablicas con los ciudadanos a trav\u00e9s de los canales de mensajer\u00eda instant\u00e1nea preferidos como WhatsApp.<\/p>\n\n\n\n<p class=\"has-text-align-center has-neve-text-color-color has-text-color\">Con HOLAWAP&nbsp;se ofrece un Canal WhatsApp automatizado de Comunicaci\u00f3n y Atenci\u00f3n Ciudadana.<\/p>\n\n\n\n<p class=\"has-text-align-center has-neve-text-color-color has-text-color\">EYOS es omnicanal pudiendo tambi\u00e9n facilitar la comunicaci\u00f3n automatizada a trav\u00e9s de los canales Telegram, Messenger, Web etc.<\/p>\n\n\n\n<p><\/p>\n<\/div>\n\n\n\n<div class=\"wp-block-column\">\n<figure class=\"wp-block-image size-full\"><img loading=\"lazy\" width=\"918\" height=\"918\" src=\"https:\/\/holawap.com\/wp-content\/uploads\/2022\/02\/ATENCIO\u0301N-AL-CIUDADANO.png\" alt=\"\" class=\"wp-image-1030\" srcset=\"https:\/\/holawap.com\/wp-content\/uploads\/2022\/02\/ATENCIO\u0301N-AL-CIUDADANO.png 918w, https:\/\/holawap.com\/wp-content\/uploads\/2022\/02\/ATENCIO\u0301N-AL-CIUDADANO-150x150.png 150w, https:\/\/holawap.com\/wp-content\/uploads\/2022\/02\/ATENCIO\u0301N-AL-CIUDADANO-75x75.png 75w, https:\/\/holawap.com\/wp-content\/uploads\/2022\/02\/ATENCIO\u0301N-AL-CIUDADANO-768x768.png 768w\" sizes=\"(max-width: 918px) 100vw, 918px\" \/><\/figure>\n<\/div>\n<\/div>\n<\/div><\/div>\n\n\n\n<div style=\"height:100px\" aria-hidden=\"true\" class=\"wp-block-spacer\"><\/div>\n\n\n\n<div class=\"wp-block-cover has-background-dim\" style=\"background-color:#dedede;min-height:401px\"><div class=\"wp-block-cover__inner-container\">\n<div class=\"wp-block-columns\">\n<div class=\"wp-block-column\">\n<div class=\"wp-block-image\"><figure class=\"aligncenter size-full\"><img loading=\"lazy\" width=\"918\" height=\"918\" src=\"https:\/\/holawap.com\/wp-content\/uploads\/2022\/02\/OPINION-CIUDADANA.png\" alt=\"\" class=\"wp-image-1029\" srcset=\"https:\/\/holawap.com\/wp-content\/uploads\/2022\/02\/OPINION-CIUDADANA.png 918w, https:\/\/holawap.com\/wp-content\/uploads\/2022\/02\/OPINION-CIUDADANA-150x150.png 150w, https:\/\/holawap.com\/wp-content\/uploads\/2022\/02\/OPINION-CIUDADANA-75x75.png 75w, https:\/\/holawap.com\/wp-content\/uploads\/2022\/02\/OPINION-CIUDADANA-768x768.png 768w\" sizes=\"(max-width: 918px) 100vw, 918px\" \/><\/figure><\/div>\n<\/div>\n\n\n\n<div class=\"wp-block-column\">\n<div style=\"height:150px\" aria-hidden=\"true\" class=\"wp-block-spacer\"><\/div>\n\n\n\n<p class=\"has-text-align-center has-neve-text-color-color has-text-color\" style=\"font-size:28px\"><strong>Opini\u00f3n Ciudadana<\/strong><\/p>\n\n\n\n<p class=\"has-text-align-center has-nv-dark-bg-color has-text-color\">Conozca c\u00f3mo valoran los ciudadanos los servicios p\u00fablicos.<br>                           <br>A trav\u00e9s de cuestionarios digitales divertidos e intuitivos, conocer\u00e1 el grado de satisfacci\u00f3n de los ciudadanos.<\/p>\n<\/div>\n<\/div>\n<\/div><\/div>\n\n\n\n<p><\/p>\n\n\n<p><\/p>","protected":false},"excerpt":{"rendered":"","protected":false},"author":1,"featured_media":0,"parent":0,"menu_order":0,"comment_status":"closed","ping_status":"closed","template":"","meta":{"neve_meta_sidebar":"","neve_meta_container":"","neve_meta_enable_content_width":"","neve_meta_content_width":0,"neve_meta_title_alignment":"","neve_meta_author_avatar":"","neve_post_elements_order":"","neve_meta_disable_header":"","neve_meta_disable_footer":"","neve_meta_disable_title":""},"_links":{"self":[{"href":"https:\/\/holawap.com\/index.php\/wp-json\/wp\/v2\/pages\/7"}],"collection":[{"href":"https:\/\/holawap.com\/index.php\/wp-json\/wp\/v2\/pages"}],"about":[{"href":"https:\/\/holawap.com\/index.php\/wp-json\/wp\/v2\/types\/page"}],"author":[{"embeddable":true,"href":"https:\/\/holawap.com\/index.php\/wp-json\/wp\/v2\/users\/1"}],"replies":[{"embeddable":true,"href":"https:\/\/holawap.com\/index.php\/wp-json\/wp\/v2\/comments?post=7"}],"version-history":[{"count":29,"href":"https:\/\/holawap.com\/index.php\/wp-json\/wp\/v2\/pages\/7\/revisions"}],"predecessor-version":[{"id":1040,"href":"https:\/\/holawap.com\/index.php\/wp-json\/wp\/v2\/pages\/7\/revisions\/1040"}],"wp:attachment":[{"href":"https:\/\/holawap.com\/index.php\/wp-json\/wp\/v2\/media?parent=7"}],"curies":[{"name":"wp","href":"https:\/\/api.w.org\/{rel}","templated":true}]}}