{"id":3,"date":"2022-01-19T09:29:07","date_gmt":"2022-01-19T09:29:07","guid":{"rendered":"https:\/\/holawap.com\/?page_id=3"},"modified":"2022-02-04T12:16:59","modified_gmt":"2022-02-04T12:16:59","slug":"politica-privacidad","status":"publish","type":"page","link":"https:\/\/holawap.com\/index.php\/politica-privacidad\/","title":{"rendered":"Pol\u00edtica de privacidad"},"content":{"rendered":"\n<p><strong><em>Denominaci\u00f3n Social:&nbsp;EYOS COMUNICACI\u00d3N DIGITAL Y DEMOSCOPIA SL<\/em><\/strong><strong><em><\/em><\/strong><\/p>\n\n\n\n<p><strong><em>Nombre Comercial:<\/em><\/strong><em><strong> EYOS DEMOSCOPIA<\/strong><\/em><strong><em><\/em><\/strong><\/p>\n\n\n\n<p><strong><em>Domicilio Social:<\/em><\/strong><em><strong> <\/strong><\/em><strong>Avda. Adeca 2,02007&nbsp;&#8211; Albacete<\/strong><\/p>\n\n\n\n<p><strong><em>CIF \/ NIF:<\/em><\/strong><em><strong> B-02612844<\/strong><\/em><strong><em><\/em><\/strong><\/p>\n\n\n\n<p><em><strong>Datos Registrales BORME, Registro Mercantil de ALBACETE T 1009, L 773, F 19, S 8, H AB27174, I\/A 3 (9.07.21)<\/strong><\/em><\/p>\n\n\n\n<p><strong>Actividad CNAE<\/strong><strong>: 6209 &#8211; Otros servicios relacionados con las tecnolog\u00edas de la informaci\u00f3n y la inform\u00e1tica <\/strong><strong>6201 Actividades de programaci\u00f3n inform\u00e1tica<\/strong><\/p>\n\n\n\n<p><strong><em>Tel\u00e9fono: <\/em><\/strong><strong>967 61 60 00 &#8211; 644 795 718<\/strong><\/p>\n\n\n\n<p><strong><em>E-Mail: <\/em><\/strong><strong>comercial@eyos.es<em>&nbsp;&nbsp;&nbsp;&nbsp;&nbsp;&nbsp;&nbsp;&nbsp;&nbsp;&nbsp;&nbsp;&nbsp;&nbsp;&nbsp;&nbsp;&nbsp;&nbsp;&nbsp;&nbsp;&nbsp;&nbsp;&nbsp;&nbsp;&nbsp;&nbsp;&nbsp;&nbsp;&nbsp;&nbsp;&nbsp;&nbsp;&nbsp;&nbsp;&nbsp;&nbsp;&nbsp;&nbsp;&nbsp;&nbsp;&nbsp;&nbsp;&nbsp;&nbsp;&nbsp;&nbsp;&nbsp;&nbsp;&nbsp;&nbsp;&nbsp;&nbsp;&nbsp;&nbsp;&nbsp;&nbsp;&nbsp;&nbsp;&nbsp;&nbsp;&nbsp;&nbsp;&nbsp;&nbsp;&nbsp;&nbsp;&nbsp;&nbsp;&nbsp;&nbsp;&nbsp;<\/em><\/strong><\/p>\n\n\n\n<p><strong>P\u00e1gina web: http:\/\/www.eyos.es<\/strong><\/p>\n\n\n\n<p>La presente pol\u00edtica de privacidad recoge las condiciones generales que rigen el acceso y el uso del sitio web: <a href=\"http:\/\/www.eyos.es\">http:\/\/www.eyos.es<\/a> , del que es titular <strong><em>EYOS COMUNICACI\u00d3N DIGITAL Y DEMOSCOPIA SL<\/em><\/strong>. con domicilio en: Avda. Adeca 2,02007&nbsp;&#8211; Albacete y CIF: <em>B-02612844<\/em> Telf.: 967 61 60 00&nbsp; &nbsp;E-mail: <a href=\"mailto:comercial@eyos.es\">comercial@eyos.es<\/a><\/p>\n\n\n\n<p>El acceso y uso del sitio web implica la expresa y plena aceptaci\u00f3n de estas condiciones generales en la versi\u00f3n publicada en el momento en que el usuario acceda al mismo, sin perjuicio de las condiciones particulares que pudieran aplicarse en algunos de los servicios concretos del sitio web.<\/p>\n\n\n\n<p>El usuario acepta que el acceso al presente sitio web y de los contenidos incluidos en el mismo tiene lugar libre y conscientemente, bajo su exclusiva responsabilidad.<\/p>\n\n\n\n<p>Los usuarios acceden al sitio web de forma libre y gratuita, si bien <strong><em>EYOS COMUNICACI\u00d3N DIGITAL Y DEMOSCOPIA SL<\/em><\/strong> se reserva el derecho de limitar su acceso para determinados contenidos o servicios, exigiendo el registro de sus datos previamente al acceso.<\/p>\n\n\n\n<p><strong><em>EYOS COMUNICACI\u00d3N DIGITAL Y DEMOSCOPIA SL<\/em><\/strong>.se reserva el derecho a modificar en cualquier momento la presentaci\u00f3n, configuraci\u00f3n y localizaci\u00f3n del sitio web, as\u00ed como los contenidos, servicios y las condiciones requeridas para utilizar los mismos cuando lo considere oportuno o con la finalidad de adecuarse a los cambios legislativos y tecnol\u00f3gicos futuros. Estas modificaciones ser\u00e1n v\u00e1lidas desde su publicaci\u00f3n en el sitio web.<\/p>\n\n\n\n<p><strong><em>EYOS COMUNICACI\u00d3N DIGITAL Y DEMOSCOPIA SL<\/em><\/strong> se reserva el derecho a interrumpir el acceso al presente sitio web en cualquier momento y sin previo aviso, ya sea por motivos t\u00e9cnicos, de seguridad, de control, de mantenimiento, por fallos de suministro el\u00e9ctrico, o por cualquier otra causa. Dicha interrupci\u00f3n podr\u00e1 tener car\u00e1cter temporal o definitivo, en cuyo caso se comunicar\u00e1 tal circunstancia a los usuarios, quienes podr\u00e1n sufrir la p\u00e9rdida, en su caso, de la informaci\u00f3n almacenada en los distintos servicios, sin dar lugar a indemnizaci\u00f3n alguna.&nbsp;<\/p>\n\n\n\n<p>Con los l\u00edmites establecidos en la ley, <strong><em>EYOS COMUNICACI\u00d3N DIGITAL Y DEMOSCOPIA SL<\/em><\/strong> no asume ninguna responsabilidad derivada de la falta de veracidad, integridad, actualizaci\u00f3n y precisi\u00f3n de los datos o informaciones que se contienen en sus p\u00e1ginas de Internet.<\/p>\n\n\n\n<p>Los contenidos e informaci\u00f3n no vinculan a <strong><em>EYOS COMUNICACI\u00d3N DIGITAL Y DEMOSCOPIA SL<\/em><\/strong> ni constituyen opiniones, consejos o asesoramiento legal de ning\u00fan tipo pues se trata meramente de un servicio ofrecido con car\u00e1cter informativo y divulgativo.<\/p>\n\n\n\n<p>La p\u00e1gina de Internet de<strong><em> EYOS COMUNICACI\u00d3N DIGITAL Y DEMOSCOPIA SL<\/em><\/strong> &nbsp;puede <a href=\"http:\/\/www.balmtattoo.com\/\">contener <\/a>enlaces (links) a otras p\u00e1ginas de terceras partes &nbsp;que no puede controlar.&nbsp;&nbsp;&nbsp;&nbsp;&nbsp;&nbsp;&nbsp;&nbsp;<\/p>\n\n\n\n<p>Por lo tanto, no puede asumir responsabilidades por el contenido que pueda aparecer en p\u00e1ginas de terceros.<\/p>\n\n\n\n<p>Los textos, im\u00e1genes, sonidos, animaciones, software y el resto de contenidos incluidos en este website son propiedad exclusiva de <strong><em>EYOS COMUNICACI\u00d3N DIGITAL Y DEMOSCOPIA SL<\/em><\/strong> o sus licenciantes. Cualquier acto de transmisi\u00f3n, distribuci\u00f3n, cesi\u00f3n, reproducci\u00f3n, almacenamiento o comunicaci\u00f3n p\u00fablica total o parcial, debe contar con el consentimiento expreso de <strong><em>EYOS COMUNICACI\u00d3N DIGITAL Y DEMOSCOPIA SL<\/em><\/strong><\/p>\n\n\n\n<p>Asimismo, para acceder a algunos de los servicios que<strong><em> EYOS COMUNICACI\u00d3N DIGITAL Y DEMOSCOPIA SL<\/em><\/strong><strong> <\/strong>ofrece a trav\u00e9s del website deber\u00e1 proporcionar algunos datos de car\u00e1cter personal. En cumplimiento de lo&nbsp; establecido&nbsp; en&nbsp; el&nbsp; Reglamento&nbsp; (UE)&nbsp; 2016\/679 del Parlamento Europeo y del Consejo, de 27 de abril de 2016, relativo a la protecci\u00f3n de las personas f\u00edsicas en lo que respecta al tratamiento de datos personales y a la libre circulaci\u00f3n de estos datos le informamos que, mediante la cumplimentaci\u00f3n de los presentes formularios, sus datos personales quedar\u00e1n incorporados y ser\u00e1n tratados en los ficheros de<strong><em> EYOS COMUNICACI\u00d3N DIGITAL Y DEMOSCOPIA SL<\/em><\/strong><strong> <\/strong>&nbsp;con el fin de poderle prestar y ofrecer nuestros servicios as\u00ed como para informarle de las mejoras del sitio Web. Asimismo, le informamos de la posibilidad de que ejerza los derechos de acceso, rectificaci\u00f3n, cancelaci\u00f3n y oposici\u00f3n de sus datos de car\u00e1cter personal, manera gratuita mediante email a<strong> <\/strong><a href=\"mailto:comercial@eyos.es\"><strong>comercial@eyos.es<\/strong><\/a><strong> <\/strong>o en la direcci\u00f3n: Avda. Adeca 2,02007&nbsp;\u2013 Albacete.<em><\/em><\/p>\n","protected":false},"excerpt":{"rendered":"<p>Denominaci\u00f3n Social:&nbsp;EYOS COMUNICACI\u00d3N DIGITAL Y DEMOSCOPIA SL Nombre Comercial: EYOS DEMOSCOPIA Domicilio Social: Avda. Adeca 2,02007&nbsp;&#8211; Albacete CIF \/ NIF: B-02612844 Datos Registrales BORME, Registro Mercantil de ALBACETE T 1009, L 773, F 19, S 8, H AB27174, I\/A 3 (9.07.21) Actividad CNAE: 6209 &#8211; Otros servicios relacionados con las tecnolog\u00edas de la informaci\u00f3n y&hellip;&nbsp;<a href=\"https:\/\/holawap.com\/index.php\/politica-privacidad\/\" class=\"\" rel=\"bookmark\">Read More &raquo;<span class=\"screen-reader-text\">Pol\u00edtica de privacidad<\/span><\/a><\/p>\n","protected":false},"author":1,"featured_media":0,"parent":0,"menu_order":0,"comment_status":"closed","ping_status":"open","template":"","meta":{"neve_meta_sidebar":"","neve_meta_container":"","neve_meta_enable_content_width":"","neve_meta_content_width":0,"neve_meta_title_alignment":"","neve_meta_author_avatar":"","neve_post_elements_order":"","neve_meta_disable_header":"","neve_meta_disable_footer":"","neve_meta_disable_title":""},"_links":{"self":[{"href":"https:\/\/holawap.com\/index.php\/wp-json\/wp\/v2\/pages\/3"}],"collection":[{"href":"https:\/\/holawap.com\/index.php\/wp-json\/wp\/v2\/pages"}],"about":[{"href":"https:\/\/holawap.com\/index.php\/wp-json\/wp\/v2\/types\/page"}],"author":[{"embeddable":true,"href":"https:\/\/holawap.com\/index.php\/wp-json\/wp\/v2\/users\/1"}],"replies":[{"embeddable":true,"href":"https:\/\/holawap.com\/index.php\/wp-json\/wp\/v2\/comments?post=3"}],"version-history":[{"count":3,"href":"https:\/\/holawap.com\/index.php\/wp-json\/wp\/v2\/pages\/3\/revisions"}],"predecessor-version":[{"id":764,"href":"https:\/\/holawap.com\/index.php\/wp-json\/wp\/v2\/pages\/3\/revisions\/764"}],"wp:attachment":[{"href":"https:\/\/holawap.com\/index.php\/wp-json\/wp\/v2\/media?parent=3"}],"curies":[{"name":"wp","href":"https:\/\/api.w.org\/{rel}","templated":true}]}}