{"id":2,"date":"2022-01-19T09:29:07","date_gmt":"2022-01-19T09:29:07","guid":{"rendered":"https:\/\/holawap.com\/?page_id=2"},"modified":"2022-02-07T17:52:09","modified_gmt":"2022-02-07T17:52:09","slug":"inicio","status":"publish","type":"page","link":"https:\/\/holawap.com\/","title":{"rendered":"INICIO"},"content":{"rendered":"\n<div class=\"wp-block-cover alignfull has-background-dim-60 has-background-dim\" style=\"min-height:662px\"><img loading=\"lazy\" width=\"2560\" height=\"1707\" class=\"wp-block-cover__image-background wp-image-79\" alt=\"\" src=\"https:\/\/holawap.com\/wp-content\/uploads\/2022\/01\/pexels-andrea-piacquadio-859265-scaled.jpg\" data-object-fit=\"cover\" srcset=\"https:\/\/holawap.com\/wp-content\/uploads\/2022\/01\/pexels-andrea-piacquadio-859265-scaled.jpg 2560w, https:\/\/holawap.com\/wp-content\/uploads\/2022\/01\/pexels-andrea-piacquadio-859265-300x200.jpg 300w, https:\/\/holawap.com\/wp-content\/uploads\/2022\/01\/pexels-andrea-piacquadio-859265-1024x683.jpg 1024w, https:\/\/holawap.com\/wp-content\/uploads\/2022\/01\/pexels-andrea-piacquadio-859265-768x512.jpg 768w, https:\/\/holawap.com\/wp-content\/uploads\/2022\/01\/pexels-andrea-piacquadio-859265-1536x1024.jpg 1536w, https:\/\/holawap.com\/wp-content\/uploads\/2022\/01\/pexels-andrea-piacquadio-859265-2048x1365.jpg 2048w\" sizes=\"(max-width: 2560px) 100vw, 2560px\" \/><div class=\"wp-block-cover__inner-container\">\n<div class=\"wp-block-columns alignwide\">\n<div class=\"wp-block-column\" style=\"flex-basis:55%\">\n<h3 class=\"has-text-align-center\" style=\"font-size:51px\">Especialistas en<br>Comunicaci\u00f3n<br>Automatizada<\/h3>\n\n\n\n<p class=\"has-text-align-center\" style=\"font-size:18px\">Especialistas en los canales de mensajer\u00eda:<\/p>\n\n\n\n<p class=\"has-text-align-center\" style=\"font-size:18px\">(WhatsApp, Telegram, Messenger, Web, etc).<\/p>\n\n\n\n<p class=\"has-text-align-center\" style=\"font-size:18px\">Enfocados en las Administraciones P\u00fablicas y su Sector P\u00fablico.<\/p>\n\n\n\n<p class=\"has-text-color\" style=\"color:#ffe074;font-size:12px;line-height:1.3\"><\/p>\n<\/div>\n\n\n\n<div class=\"wp-block-column\">\n<div class=\"wp-block-image\"><figure class=\"aligncenter size-large is-resized\"><img loading=\"lazy\" src=\"https:\/\/holawap.com\/wp-content\/uploads\/2022\/01\/MOVIL-CHAT-WHATSAPP-01-698x1024.png\" alt=\"\" class=\"wp-image-47\" width=\"271\" height=\"397\" srcset=\"https:\/\/holawap.com\/wp-content\/uploads\/2022\/01\/MOVIL-CHAT-WHATSAPP-01-698x1024.png 698w, https:\/\/holawap.com\/wp-content\/uploads\/2022\/01\/MOVIL-CHAT-WHATSAPP-01-205x300.png 205w, https:\/\/holawap.com\/wp-content\/uploads\/2022\/01\/MOVIL-CHAT-WHATSAPP-01-768x1127.png 768w, https:\/\/holawap.com\/wp-content\/uploads\/2022\/01\/MOVIL-CHAT-WHATSAPP-01-1047x1536.png 1047w, https:\/\/holawap.com\/wp-content\/uploads\/2022\/01\/MOVIL-CHAT-WHATSAPP-01.png 1358w\" sizes=\"(max-width: 271px) 100vw, 271px\" \/><\/figure><\/div>\n<\/div>\n<\/div>\n<\/div><\/div>\n\n\n\n<div style=\"height:100px\" aria-hidden=\"true\" class=\"wp-block-spacer\"><\/div>\n\n\n\n<div class=\"wp-block-columns\">\n<div class=\"wp-block-column\">\n<p><strong>EYOS Comunicaci\u00f3n Digital<\/strong>&nbsp;es una compa\u00f1\u00eda espa\u00f1ola pionera en comunicaci\u00f3n automatizada enfocada a las Administraciones P\u00fablicas, especialmente las Entidades Locales, y su Sector P\u00fablico.<\/p>\n\n\n\n<p>Abrimos canales automatizados de mensajer\u00eda instant\u00e1nea como WhatsApp o Telegram.<\/p>\n\n\n\n<p>Con nuestra Plataforma HOLAWAP&nbsp;de Informaci\u00f3n y Comunicaci\u00f3n se facilita la cercan\u00eda y atenci\u00f3n a los ciudadanos.<\/p>\n<\/div>\n\n\n\n<div class=\"wp-block-column\">\n<figure class=\"wp-block-embed is-type-video is-provider-youtube wp-block-embed-youtube wp-embed-aspect-16-9 wp-has-aspect-ratio\"><div class=\"wp-block-embed__wrapper\">\n<div class=\"nv-iframe-embed\"><iframe loading=\"lazy\" title=\"EYOS COMUNICACION DIGITAL\" width=\"1200\" height=\"675\" src=\"https:\/\/www.youtube.com\/embed\/ApI93qv3yYs?feature=oembed\" frameborder=\"0\" allow=\"accelerometer; autoplay; clipboard-write; encrypted-media; gyroscope; picture-in-picture\" allowfullscreen><\/iframe><\/div>\n<\/div><\/figure>\n<\/div>\n<\/div>\n\n\n\n<div class=\"wp-block-cover has-background-dim\" style=\"background-color:#dedede;min-height:672px\"><div class=\"wp-block-cover__inner-container\">\n<p class=\"has-text-align-center\" style=\"font-size:15px\"><\/p>\n\n\n\n<figure class=\"wp-block-gallery aligncenter columns-3 is-cropped\"><ul class=\"blocks-gallery-grid\"><li class=\"blocks-gallery-item\"><figure><img loading=\"lazy\" width=\"300\" height=\"225\" src=\"https:\/\/holawap.com\/wp-content\/uploads\/2022\/02\/EYOS-PLATAFORMA-JUNTA-COFRADIAS-300x225.jpg\" alt=\"\" data-id=\"400\" data-full-url=\"https:\/\/holawap.com\/wp-content\/uploads\/2022\/02\/EYOS-PLATAFORMA-JUNTA-COFRADIAS.jpg\" data-link=\"https:\/\/holawap.com\/index.php\/inicio\/eyos-plataforma-junta-cofradias\/\" class=\"wp-image-400\" srcset=\"https:\/\/holawap.com\/wp-content\/uploads\/2022\/02\/EYOS-PLATAFORMA-JUNTA-COFRADIAS-300x225.jpg 300w, https:\/\/holawap.com\/wp-content\/uploads\/2022\/02\/EYOS-PLATAFORMA-JUNTA-COFRADIAS-1024x768.jpg 1024w, https:\/\/holawap.com\/wp-content\/uploads\/2022\/02\/EYOS-PLATAFORMA-JUNTA-COFRADIAS-768x576.jpg 768w, https:\/\/holawap.com\/wp-content\/uploads\/2022\/02\/EYOS-PLATAFORMA-JUNTA-COFRADIAS-1536x1152.jpg 1536w, https:\/\/holawap.com\/wp-content\/uploads\/2022\/02\/EYOS-PLATAFORMA-JUNTA-COFRADIAS.jpg 1600w\" sizes=\"(max-width: 300px) 100vw, 300px\" \/><\/figure><\/li><li class=\"blocks-gallery-item\"><figure><img loading=\"lazy\" width=\"300\" height=\"200\" src=\"https:\/\/holawap.com\/wp-content\/uploads\/2022\/02\/Conferencias-con-Kiko-Llaneras-El-Pais-300x200.jpg\" alt=\"\" data-id=\"399\" data-full-url=\"https:\/\/holawap.com\/wp-content\/uploads\/2022\/02\/Conferencias-con-Kiko-Llaneras-El-Pais-scaled.jpg\" data-link=\"https:\/\/holawap.com\/index.php\/inicio\/conferencias-con-kiko-llaneras-el-pais\/\" class=\"wp-image-399\" srcset=\"https:\/\/holawap.com\/wp-content\/uploads\/2022\/02\/Conferencias-con-Kiko-Llaneras-El-Pais-300x200.jpg 300w, https:\/\/holawap.com\/wp-content\/uploads\/2022\/02\/Conferencias-con-Kiko-Llaneras-El-Pais-1024x683.jpg 1024w, https:\/\/holawap.com\/wp-content\/uploads\/2022\/02\/Conferencias-con-Kiko-Llaneras-El-Pais-768x512.jpg 768w, https:\/\/holawap.com\/wp-content\/uploads\/2022\/02\/Conferencias-con-Kiko-Llaneras-El-Pais-1536x1024.jpg 1536w, https:\/\/holawap.com\/wp-content\/uploads\/2022\/02\/Conferencias-con-Kiko-Llaneras-El-Pais-2048x1365.jpg 2048w\" sizes=\"(max-width: 300px) 100vw, 300px\" \/><\/figure><\/li><li class=\"blocks-gallery-item\"><figure><img loading=\"lazy\" width=\"300\" height=\"225\" src=\"https:\/\/holawap.com\/wp-content\/uploads\/2022\/02\/Ayuntamiento-de-Almazora-300x225.jpg\" alt=\"\" data-id=\"398\" data-full-url=\"https:\/\/holawap.com\/wp-content\/uploads\/2022\/02\/Ayuntamiento-de-Almazora.jpg\" data-link=\"https:\/\/holawap.com\/index.php\/inicio\/ayuntamiento-de-almazora\/\" class=\"wp-image-398\" srcset=\"https:\/\/holawap.com\/wp-content\/uploads\/2022\/02\/Ayuntamiento-de-Almazora-300x225.jpg 300w, https:\/\/holawap.com\/wp-content\/uploads\/2022\/02\/Ayuntamiento-de-Almazora-768x577.jpg 768w, https:\/\/holawap.com\/wp-content\/uploads\/2022\/02\/Ayuntamiento-de-Almazora.jpg 1024w\" sizes=\"(max-width: 300px) 100vw, 300px\" \/><\/figure><\/li><\/ul><\/figure>\n\n\n\n<div class=\"wp-block-columns\">\n<div class=\"wp-block-column\">\n<figure class=\"wp-block-embed is-type-video is-provider-youtube wp-block-embed-youtube wp-embed-aspect-16-9 wp-has-aspect-ratio\"><div class=\"wp-block-embed__wrapper\">\n<div class=\"nv-iframe-embed\"><iframe loading=\"lazy\" title=\"Tres Cantos estrena WhatsApp como nuevo canal de comunicaci\u00f3n\" width=\"1200\" height=\"675\" src=\"https:\/\/www.youtube.com\/embed\/NrkpF1rSfBA?feature=oembed\" frameborder=\"0\" allow=\"accelerometer; autoplay; clipboard-write; encrypted-media; gyroscope; picture-in-picture\" allowfullscreen><\/iframe><\/div>\n<\/div><\/figure>\n<\/div>\n\n\n\n<div class=\"wp-block-column\">\n<figure class=\"wp-block-embed is-type-video is-provider-youtube wp-block-embed-youtube wp-embed-aspect-16-9 wp-has-aspect-ratio\"><div class=\"wp-block-embed__wrapper\">\n<div class=\"nv-iframe-embed\"><iframe loading=\"lazy\" title=\"El Ayuntamiento lanza un canal de WhatsApp municipal\" width=\"1200\" height=\"675\" src=\"https:\/\/www.youtube.com\/embed\/BMwIASN9wtc?feature=oembed\" frameborder=\"0\" allow=\"accelerometer; autoplay; clipboard-write; encrypted-media; gyroscope; picture-in-picture\" allowfullscreen><\/iframe><\/div>\n<\/div><\/figure>\n<\/div>\n\n\n\n<div class=\"wp-block-column\">\n<figure class=\"wp-block-embed is-type-video is-provider-youtube wp-block-embed-youtube wp-embed-aspect-16-9 wp-has-aspect-ratio\"><div class=\"wp-block-embed__wrapper\">\n<div class=\"nv-iframe-embed\"><iframe loading=\"lazy\" title=\"Presentaci\u00f3n nuevo servicio de Whatsapp municipal\" width=\"1200\" height=\"675\" src=\"https:\/\/www.youtube.com\/embed\/W3olmqSRars?feature=oembed\" frameborder=\"0\" allow=\"accelerometer; autoplay; clipboard-write; encrypted-media; gyroscope; picture-in-picture\" allowfullscreen><\/iframe><\/div>\n<\/div><\/figure>\n<\/div>\n<\/div>\n\n\n\n<p><\/p>\n<\/div><\/div>\n\n\n\n<div style=\"height:100px\" aria-hidden=\"true\" class=\"wp-block-spacer\"><\/div>\n\n\n\n<div class=\"wp-block-columns\">\n<div class=\"wp-block-column\" style=\"flex-basis:25%\">\n<div class=\"wp-block-image\"><figure class=\"aligncenter size-thumbnail\"><img loading=\"lazy\" width=\"150\" height=\"150\" src=\"https:\/\/holawap.com\/wp-content\/uploads\/2022\/02\/AYUNTAMIENTO-DE-TRES-CANTOS-150x150.jpg\" alt=\"\" class=\"wp-image-785\" srcset=\"https:\/\/holawap.com\/wp-content\/uploads\/2022\/02\/AYUNTAMIENTO-DE-TRES-CANTOS-150x150.jpg 150w, https:\/\/holawap.com\/wp-content\/uploads\/2022\/02\/AYUNTAMIENTO-DE-TRES-CANTOS.jpg 252w\" sizes=\"(max-width: 150px) 100vw, 150px\" \/><figcaption><meta charset=\"utf-8\">Ayto. de Tres Cantos<\/figcaption><\/figure><\/div>\n\n\n\n<div class=\"wp-block-image\"><figure class=\"aligncenter size-thumbnail\"><img loading=\"lazy\" width=\"150\" height=\"150\" src=\"https:\/\/holawap.com\/wp-content\/uploads\/2022\/02\/AYUNTAMIENTO-DE-ALMAZORA-CASTELLO\u0301N-01-150x150.jpg\" alt=\"\" class=\"wp-image-404\" srcset=\"https:\/\/holawap.com\/wp-content\/uploads\/2022\/02\/AYUNTAMIENTO-DE-ALMAZORA-CASTELLO\u0301N-01-150x150.jpg 150w, https:\/\/holawap.com\/wp-content\/uploads\/2022\/02\/AYUNTAMIENTO-DE-ALMAZORA-CASTELLO\u0301N-01.jpg 252w\" sizes=\"(max-width: 150px) 100vw, 150px\" \/><figcaption><meta charset=\"utf-8\">Ayto. de Almazora<\/figcaption><\/figure><\/div>\n<\/div>\n\n\n\n<div class=\"wp-block-column\">\n<div class=\"wp-block-image\"><figure class=\"aligncenter size-thumbnail\"><img loading=\"lazy\" width=\"150\" height=\"150\" src=\"https:\/\/holawap.com\/wp-content\/uploads\/2022\/02\/AYUNTAMIENTO-DE-CAMBRE-150x150.jpg\" alt=\"\" class=\"wp-image-401\" srcset=\"https:\/\/holawap.com\/wp-content\/uploads\/2022\/02\/AYUNTAMIENTO-DE-CAMBRE-150x150.jpg 150w, https:\/\/holawap.com\/wp-content\/uploads\/2022\/02\/AYUNTAMIENTO-DE-CAMBRE.jpg 252w\" sizes=\"(max-width: 150px) 100vw, 150px\" \/><figcaption><meta charset=\"utf-8\">El Concello de Cambre<\/figcaption><\/figure><\/div>\n\n\n\n<div class=\"wp-block-image\"><figure class=\"aligncenter size-thumbnail\"><img loading=\"lazy\" width=\"150\" height=\"150\" src=\"https:\/\/holawap.com\/wp-content\/uploads\/2022\/02\/AYUNTAMIENTO-DE-ROQUETAS-DE-MAR-ALMERI\u0301A-01-150x150.jpg\" alt=\"\" class=\"wp-image-405\" srcset=\"https:\/\/holawap.com\/wp-content\/uploads\/2022\/02\/AYUNTAMIENTO-DE-ROQUETAS-DE-MAR-ALMERI\u0301A-01-150x150.jpg 150w, https:\/\/holawap.com\/wp-content\/uploads\/2022\/02\/AYUNTAMIENTO-DE-ROQUETAS-DE-MAR-ALMERI\u0301A-01.jpg 252w\" sizes=\"(max-width: 150px) 100vw, 150px\" \/><figcaption><meta charset=\"utf-8\">Ayto de Roquetas de Mar<\/figcaption><\/figure><\/div>\n<\/div>\n\n\n\n<div class=\"wp-block-column\">\n<div class=\"wp-block-image\"><figure class=\"aligncenter size-thumbnail\"><img loading=\"lazy\" width=\"150\" height=\"150\" src=\"https:\/\/holawap.com\/wp-content\/uploads\/2022\/02\/RADIO-4G-ALBACETE-01-150x150.jpg\" alt=\"\" class=\"wp-image-402\" srcset=\"https:\/\/holawap.com\/wp-content\/uploads\/2022\/02\/RADIO-4G-ALBACETE-01-150x150.jpg 150w, https:\/\/holawap.com\/wp-content\/uploads\/2022\/02\/RADIO-4G-ALBACETE-01.jpg 252w\" sizes=\"(max-width: 150px) 100vw, 150px\" \/><figcaption>Radio G4 Albacete<\/figcaption><\/figure><\/div>\n\n\n\n<div class=\"wp-block-image\"><figure class=\"aligncenter size-thumbnail\"><img loading=\"lazy\" width=\"150\" height=\"150\" src=\"https:\/\/holawap.com\/wp-content\/uploads\/2022\/02\/AYUNTAMIENTO-DE-UTRERA-SEVILLA-01-150x150.jpg\" alt=\"\" class=\"wp-image-406\" srcset=\"https:\/\/holawap.com\/wp-content\/uploads\/2022\/02\/AYUNTAMIENTO-DE-UTRERA-SEVILLA-01-150x150.jpg 150w, https:\/\/holawap.com\/wp-content\/uploads\/2022\/02\/AYUNTAMIENTO-DE-UTRERA-SEVILLA-01.jpg 252w\" sizes=\"(max-width: 150px) 100vw, 150px\" \/><figcaption>Ayto. de Utrera<\/figcaption><\/figure><\/div>\n<\/div>\n\n\n\n<div class=\"wp-block-column\">\n<div class=\"wp-block-image\"><figure class=\"aligncenter size-thumbnail\"><img loading=\"lazy\" width=\"150\" height=\"150\" src=\"https:\/\/holawap.com\/wp-content\/uploads\/2022\/02\/CASTILLA-LA-MANCHA-MEDIA-01-150x150.jpg\" alt=\"\" class=\"wp-image-403\" srcset=\"https:\/\/holawap.com\/wp-content\/uploads\/2022\/02\/CASTILLA-LA-MANCHA-MEDIA-01-150x150.jpg 150w, https:\/\/holawap.com\/wp-content\/uploads\/2022\/02\/CASTILLA-LA-MANCHA-MEDIA-01.jpg 252w\" sizes=\"(max-width: 150px) 100vw, 150px\" \/><figcaption>Castilla la Mancha Media<\/figcaption><\/figure><\/div>\n\n\n\n<div class=\"wp-block-image\"><figure class=\"aligncenter size-thumbnail\"><img loading=\"lazy\" width=\"150\" height=\"150\" src=\"https:\/\/holawap.com\/wp-content\/uploads\/2022\/02\/AJUNTAMENT-D\u00b4ALELLA-150x150.jpg\" alt=\"\" class=\"wp-image-407\" srcset=\"https:\/\/holawap.com\/wp-content\/uploads\/2022\/02\/AJUNTAMENT-D\u00b4ALELLA-150x150.jpg 150w, https:\/\/holawap.com\/wp-content\/uploads\/2022\/02\/AJUNTAMENT-D\u00b4ALELLA.jpg 252w\" sizes=\"(max-width: 150px) 100vw, 150px\" \/><figcaption>Aj. d\u00b4Alella<\/figcaption><\/figure><\/div>\n<\/div>\n<\/div>\n\n\n<p><\/p>","protected":false},"excerpt":{"rendered":"<p>EYOS Comunicaci\u00f3n Digital&nbsp;es una compa\u00f1\u00eda espa\u00f1ola pionera en comunicaci\u00f3n automatizada enfocada a las Administraciones P\u00fablicas, especialmente las Entidades Locales, y su Sector P\u00fablico. Abrimos canales automatizados de mensajer\u00eda instant\u00e1nea como WhatsApp o Telegram. Con nuestra Plataforma HOLAWAP&nbsp;de Informaci\u00f3n y Comunicaci\u00f3n se facilita la cercan\u00eda y atenci\u00f3n a los ciudadanos.<\/p>\n","protected":false},"author":1,"featured_media":0,"parent":0,"menu_order":0,"comment_status":"closed","ping_status":"closed","template":"","meta":{"neve_meta_sidebar":"","neve_meta_container":"","neve_meta_enable_content_width":"","neve_meta_content_width":0,"neve_meta_title_alignment":"","neve_meta_author_avatar":"","neve_post_elements_order":"","neve_meta_disable_header":"","neve_meta_disable_footer":"","neve_meta_disable_title":""},"_links":{"self":[{"href":"https:\/\/holawap.com\/index.php\/wp-json\/wp\/v2\/pages\/2"}],"collection":[{"href":"https:\/\/holawap.com\/index.php\/wp-json\/wp\/v2\/pages"}],"about":[{"href":"https:\/\/holawap.com\/index.php\/wp-json\/wp\/v2\/types\/page"}],"author":[{"embeddable":true,"href":"https:\/\/holawap.com\/index.php\/wp-json\/wp\/v2\/users\/1"}],"replies":[{"embeddable":true,"href":"https:\/\/holawap.com\/index.php\/wp-json\/wp\/v2\/comments?post=2"}],"version-history":[{"count":35,"href":"https:\/\/holawap.com\/index.php\/wp-json\/wp\/v2\/pages\/2\/revisions"}],"predecessor-version":[{"id":1041,"href":"https:\/\/holawap.com\/index.php\/wp-json\/wp\/v2\/pages\/2\/revisions\/1041"}],"wp:attachment":[{"href":"https:\/\/holawap.com\/index.php\/wp-json\/wp\/v2\/media?parent=2"}],"curies":[{"name":"wp","href":"https:\/\/api.w.org\/{rel}","templated":true}]}}